{"id":2155,"date":"2021-02-15T15:26:43","date_gmt":"2021-02-15T14:26:43","guid":{"rendered":"http:\/\/raj-pol.com.pl\/?page_id=2155"},"modified":"2021-03-22T13:41:09","modified_gmt":"2021-03-22T12:41:09","slug":"rybka-mini","status":"publish","type":"page","link":"https:\/\/raj-pol.com.pl\/es\/rybka-mini\/","title":{"rendered":"Rybka Mini"},"content":{"rendered":"<p>[vc_row full_width=\u00bbstretch_row_content_no_spaces\u00bb hide_bg_image_on_tablet=\u00bb\u00bb hide_bg_image_on_mobile=\u00bb\u00bb css=\u00bb.vc_custom_1613555405921{background-image: url(http:\/\/raj-pol.com.pl\/wp-content\/uploads\/2021\/02\/mini-mini-1920&#215;500-1.png?id=2268) !important;background-position: center !important;background-repeat: no-repeat !important;background-size: cover !important;}\u00bb el_class=\u00bbcustom-title\u00bb][vc_column]<div id=\"sc_title_263876234\"\n\t\tclass=\"sc_title color_style_default sc_title_default\"><h3 class=\"sc_item_title sc_title_title sc_align_left sc_item_title_style_default sc_item_title_tag\">Mini pescado<\/h3><\/div><!-- \/.sc_title -->[\/vc_column][\/vc_row][vc_row full_width=\u00bbstretch_row\u00bb hide_bg_image_on_tablet=\u00bb\u00bb hide_bg_image_on_mobile=\u00bb\u00bb][vc_column][vc_empty_space height=\u00bb2.5em\u00bb alter_height=\u00bbnone\u00bb hide_on_desktop=\u00bb\u00bb hide_on_notebook=\u00bb\u00bb hide_on_tablet=\u00bb\u00bb hide_on_mobile=\u00bb\u00bb]<div id=\"sc_content_1349410258\"\n\t\tclass=\"sc_content color_style_default sc_content_default sc_content_width_1_1 sc_float_right sc_align_right\"><div class=\"sc_content_container with_number\"><span class=\"sc_content_number sc_content_number_tl\">Raj-Pol en las redes sociales<\/span><div  id=\"sc_socials_987954171\" \n\t\tclass=\"sc_socials sc_socials_hover sc_align_none\"><h3 class=\"sc_item_title sc_socials_title sc_align_left sc_item_title_style_default\">follow us<\/h3><div class=\"socials_wrap\"><a target=\"_blank\" href=\"https:\/\/www.facebook.com\/rajstorebyrajpol\" class=\"social_item social_item_style_icons social_item_type_icons\"><span class=\"social_icon social_facebook\"><span class=\"icon-facebook\"><\/span><\/span><\/a><a target=\"_blank\" href=\"https:\/\/www.instagram.com\/rajstore_by_rajpol\/\" class=\"social_item social_item_style_icons social_item_type_icons\"><span class=\"social_icon social_instagramm\"><span class=\"icon-instagramm\"><\/span><\/span><\/a><\/div><!-- \/.socials_wrap --><\/div><!-- \/.sc_socials --><\/div><\/div><!-- \/.sc_content -->[vc_empty_space height=\u00bb4.4em\u00bb alter_height=\u00bbnone\u00bb hide_on_desktop=\u00bb\u00bb hide_on_notebook=\u00bb\u00bb hide_on_tablet=\u00bb\u00bb hide_on_mobile=\u00bb1&#8243;][vc_empty_space height=\u00bb4.4em\u00bb alter_height=\u00bbnone\u00bb hide_on_desktop=\u00bb\u00bb hide_on_notebook=\u00bb\u00bb hide_on_tablet=\u00bb1&#8243; hide_on_mobile=\u00bb1&#8243;]<div  id=\"sc_promo_1493940810\" \n\tclass=\"sc_promo color_style_default sc_promo_default sc_promo_size_normal sc_promo_no_paddings sc_promo_image_position_left\"><div class=\"sc_promo_image\" style=\"background-image:url(https:\/\/raj-pol.com.pl\/wp-content\/uploads\/2021\/02\/mini-mini-600-700.png);width:43.5%;left: 0;\"><\/div><div class=\"sc_promo_text\" style=\"width: 56.5%;float: right;\">\n\t\t\t<div class=\"sc_promo_text_inner sc_content_width_56.5%\" style=\"\"><div class=\"sc_promo_content sc_item_content\">[vc_empty_space height=\u00bb6em\u00bb alter_height=\u00bbnone\u00bb hide_on_desktop=\u00bb\u00bb hide_on_notebook=\u00bb\u00bb hide_on_tablet=\u00bb\u00bb hide_on_mobile=\u00bb1&#8243;][vc_empty_space height=\u00bb4em\u00bb alter_height=\u00bbnone\u00bb hide_on_desktop=\u00bb1&#8243; hide_on_notebook=\u00bb1&#8243; hide_on_tablet=\u00bb1&#8243; hide_on_mobile=\u00bb\u00bb]<div id=\"sc_title_846103654\"\n\t\tclass=\"sc_title color_style_default sc_title_default\"><h6 class=\"sc_item_subtitle sc_title_subtitle sc_align_left sc_item_title_style_default\">\u00a1Solo aqui!<\/h6><h3 class=\"sc_item_title sc_title_title sc_align_left sc_item_title_style_default\">Mini Mini Pez<\/h3><div class=\"sc_item_descr sc_title_descr sc_align_left\"><p>El dise\u00f1o original de ropa de beb\u00e9 y ni\u00f1o, toallas y ropa de cama de colores o un juego de gorras son el resultado de la cooperaci\u00f3n entre nuestros dise\u00f1adores gr\u00e1ficos y dise\u00f1adores con el departamento creativo de Canal +.<br \/>\n<b> Somos el \u00fanico fabricante de productos textiles con licencia Mini Mini en Polonia. <\/b><\/p>\n<\/div><div class=\"sc_item_button sc_button_wrap sc_align_left\"><a href=\"http:\/\/raj-pol.com.pl\/kontakt\/\" id=\"sc_button_1018002920\" class=\"sc_button color_style_default sc_button_default sc_item_button sc_item_button_default sc_title_button sc_button_size_normal sc_button_icon_left\"><span class=\"sc_button_text\"><span class=\"sc_button_title\">Pedir<\/span><\/span><!-- \/.sc_button_text --><\/a><!-- \/.sc_button --><\/div><!-- \/.sc_item_button --><\/div><!-- \/.sc_title -->[vc_empty_space height=\u00bb2em\u00bb alter_height=\u00bbnone\u00bb hide_on_desktop=\u00bb\u00bb hide_on_notebook=\u00bb\u00bb hide_on_tablet=\u00bb\u00bb hide_on_mobile=\u00bb\u00bb][vc_empty_space height=\u00bb3em\u00bb alter_height=\u00bbnone\u00bb hide_on_desktop=\u00bb\u00bb hide_on_notebook=\u00bb\u00bb hide_on_tablet=\u00bb\u00bb hide_on_mobile=\u00bb\u00bb]<\/div><\/div>\n\t\t<\/div><!-- \/.sc_promo_text --><\/div><!-- \/.sc_promo -->[vc_empty_space height=\u00bb6em\u00bb alter_height=\u00bbnone\u00bb hide_on_desktop=\u00bb\u00bb hide_on_notebook=\u00bb\u00bb hide_on_tablet=\u00bb\u00bb hide_on_mobile=\u00bb1&#8243;][vc_empty_space height=\u00bb4em\u00bb alter_height=\u00bbnone\u00bb hide_on_desktop=\u00bb\u00bb hide_on_notebook=\u00bb\u00bb hide_on_tablet=\u00bb1&#8243; hide_on_mobile=\u00bb1&#8243;][vc_empty_space height=\u00bb1em\u00bb alter_height=\u00bbnone\u00bb hide_on_desktop=\u00bb1&#8243; hide_on_notebook=\u00bb1&#8243; hide_on_tablet=\u00bb1&#8243; hide_on_mobile=\u00bb\u00bb][\/vc_column][\/vc_row][vc_row full_width=\u00bbstretch_row_content_no_spaces\u00bb equal_height=\u00bbyes\u00bb hide_bg_image_on_tablet=\u00bb\u00bb hide_bg_image_on_mobile=\u00bb\u00bb el_class=\u00bbbrands\u00bb][vc_column offset=\u00bbvc_col-xs-12&#8243;]<div  id=\"sc_action_1763810531\" \n\tclass=\"sc_action color_style_default sc_action_default services_custom_action brands-area\"><div class=\"sc_action_content sc_item_content\"><div class=\"sc_action_item sc_action_item_default sc_action_fixed_height sc_action_item_ml\" style=\"height:600px;overflow:hidden;\">\n\t\t\t<h3 class=\"sc_action_item_title\"><span><span class=\"sc_action_item_title_part\">Nuestras otras empresas<\/span><\/span><\/h3><div class=\"sc_action_item_description\"><span><a href=\"http:\/\/datovita.eu\/\" target=\"_blank\"><img src=\"https:\/\/raj-pol.com.pl\/wp-content\/uploads\/2020\/12\/datovita.png\"\/><\/a><\/span><span><a href=\"http:\/\/investdm.pl\/\" target=\"_blank\"><img src=\"https:\/\/raj-pol.com.pl\/wp-content\/uploads\/2020\/12\/invest.png\"\/><\/a><\/span><span><a href=\"http:\/\/plm-lighting.com\/\" target=\"_blank\"><img src=\"https:\/\/raj-pol.com.pl\/wp-content\/uploads\/2020\/12\/plm.png\"\/><a href=\"https:\/\/eko-light.com\/\" target=\"_blank\"><img src=\"https:\/\/raj-pol.com.pl\/wp-content\/uploads\/2020\/12\/ekolight.png\"\/><\/a><\/span><\/div><\/div><\/div><\/div><!-- \/.sc_action -->[\/vc_column][\/vc_row][vc_row full_width=\u00bbstretch_row\u00bb][vc_column][vc_empty_space height=\u00bb10px\u00bb alter_height=\u00bbnone\u00bb hide_on_desktop=\u00bb\u00bb hide_on_notebook=\u00bb\u00bb hide_on_tablet=\u00bb\u00bb hide_on_mobile=\u00bb\u00bb][\/vc_column][\/vc_row][vc_row full_width=\u00bbstretch_row_content_no_spaces\u00bb hide_bg_image_on_tablet=\u00bb\u00bb hide_bg_image_on_mobile=\u00bb\u00bb el_class=\u00bbaction-shop add-target-js\u00bb][vc_column]<div  id=\"sc_action_1576198373\" \n\tclass=\"sc_action color_style_default sc_action_default  vc_custom_1615893348718\"><div class=\"sc_action_content sc_item_content\"><div class=\"sc_action_item sc_action_item_default sc_action_item_mc\">\n\t\t\t<h3 class=\"sc_action_item_title\"><span><span class=\"sc_action_item_title_part\">Nuestra e-tienda<\/span><\/span><\/h3><div class=\"sc_action_item_description\"><span>\u00a1Lo invitamos a familiarizarse con la oferta completa de nuestra tienda en l\u00ednea!<\/span><\/div><a href=\"https:\/\/rajstore.pl\/\" class=\"sc_action_item_link sc_button sc_button_size_normal\">Ve a la tienda<\/a><\/div><\/div><\/div><!-- \/.sc_action -->[\/vc_column][\/vc_row]<\/p>\n","protected":false},"excerpt":{"rendered":"<p>[vc_row full_width=\u00bbstretch_row_content_no_spaces\u00bb hide_bg_image_on_tablet=\u00bb\u00bb hide_bg_image_on_mobile=\u00bb\u00bb css=\u00bb.vc_custom_1613555405921{background-image: url(http:\/\/raj-pol.com.pl\/wp-content\/uploads\/2021\/02\/mini-mini-1920&#215;500-1.png?id=2268) !important;background-position: center !important;background-repeat: no-repeat !important;background-size: cover !important;}\u00bb el_class=\u00bbcustom-title\u00bb][vc_column][\/vc_column][\/vc_row][vc_row full_width=\u00bbstretch_row\u00bb hide_bg_image_on_tablet=\u00bb\u00bb hide_bg_image_on_mobile=\u00bb\u00bb][vc_column][vc_empty_space height=\u00bb2.5em\u00bb alter_height=\u00bbnone\u00bb hide_on_desktop=\u00bb\u00bb hide_on_notebook=\u00bb\u00bb hide_on_tablet=\u00bb\u00bb hide_on_mobile=\u00bb\u00bb][vc_empty_space height=\u00bb4.4em\u00bb alter_height=\u00bbnone\u00bb hide_on_desktop=\u00bb\u00bb hide_on_notebook=\u00bb\u00bb hide_on_tablet=\u00bb\u00bb hide_on_mobile=\u00bb1&#8243;][vc_empty_space height=\u00bb4.4em\u00bb alter_height=\u00bbnone\u00bb hide_on_desktop=\u00bb\u00bb hide_on_notebook=\u00bb\u00bb hide_on_tablet=\u00bb1&#8243; hide_on_mobile=\u00bb1&#8243;][vc_empty_space height=\u00bb6em\u00bb alter_height=\u00bbnone\u00bb hide_on_desktop=\u00bb\u00bb hide_on_notebook=\u00bb\u00bb hide_on_tablet=\u00bb\u00bb hide_on_mobile=\u00bb1&#8243;][vc_empty_space height=\u00bb4em\u00bb alter_height=\u00bbnone\u00bb hide_on_desktop=\u00bb\u00bb hide_on_notebook=\u00bb\u00bb hide_on_tablet=\u00bb1&#8243; hide_on_mobile=\u00bb1&#8243;][vc_empty_space height=\u00bb1em\u00bb alter_height=\u00bbnone\u00bb hide_on_desktop=\u00bb1&#8243; hide_on_notebook=\u00bb1&#8243; hide_on_tablet=\u00bb1&#8243; hide_on_mobile=\u00bb\u00bb][\/vc_column][\/vc_row][vc_row full_width=\u00bbstretch_row_content_no_spaces\u00bb equal_height=\u00bbyes\u00bb hide_bg_image_on_tablet=\u00bb\u00bb hide_bg_image_on_mobile=\u00bb\u00bb el_class=\u00bbbrands\u00bb][vc_column offset=\u00bbvc_col-xs-12&#8243;][\/vc_column][\/vc_row][vc_row full_width=\u00bbstretch_row\u00bb][vc_column][vc_empty_space&hellip;<\/p>\n","protected":false},"author":1,"featured_media":0,"parent":0,"menu_order":0,"comment_status":"closed","ping_status":"closed","template":"","meta":[],"_links":{"self":[{"href":"https:\/\/raj-pol.com.pl\/es\/wp-json\/wp\/v2\/pages\/2155"}],"collection":[{"href":"https:\/\/raj-pol.com.pl\/es\/wp-json\/wp\/v2\/pages"}],"about":[{"href":"https:\/\/raj-pol.com.pl\/es\/wp-json\/wp\/v2\/types\/page"}],"author":[{"embeddable":true,"href":"https:\/\/raj-pol.com.pl\/es\/wp-json\/wp\/v2\/users\/1"}],"replies":[{"embeddable":true,"href":"https:\/\/raj-pol.com.pl\/es\/wp-json\/wp\/v2\/comments?post=2155"}],"version-history":[{"count":5,"href":"https:\/\/raj-pol.com.pl\/es\/wp-json\/wp\/v2\/pages\/2155\/revisions"}],"predecessor-version":[{"id":2905,"href":"https:\/\/raj-pol.com.pl\/es\/wp-json\/wp\/v2\/pages\/2155\/revisions\/2905"}],"wp:attachment":[{"href":"https:\/\/raj-pol.com.pl\/es\/wp-json\/wp\/v2\/media?parent=2155"}],"curies":[{"name":"wp","href":"https:\/\/api.w.org\/{rel}","templated":true}]}}