{"id":1891,"date":"2020-12-09T10:52:00","date_gmt":"2020-12-09T09:52:00","guid":{"rendered":"http:\/\/raj-pol.com.pl\/o-firmie\/"},"modified":"2021-03-22T13:46:11","modified_gmt":"2021-03-22T12:46:11","slug":"o-firmie","status":"publish","type":"page","link":"https:\/\/raj-pol.com.pl\/es\/o-firmie\/","title":{"rendered":"O firmie"},"content":{"rendered":"<p>[vc_row full_width=\u00bbstretch_row_content_no_spaces\u00bb hide_bg_image_on_tablet=\u00bb\u00bb hide_bg_image_on_mobile=\u00bb\u00bb css=\u00bb.vc_custom_1613556475010{background-image: url(http:\/\/raj-pol.com.pl\/wp-content\/uploads\/2021\/02\/o-firmie-1920&#215;500-1.png?id=2283) !important;background-position: center !important;background-repeat: no-repeat !important;background-size: cover !important;}\u00bb el_class=\u00bbcustom-title\u00bb][vc_column]<div id=\"sc_title_1098570033\"\n\t\tclass=\"sc_title color_style_default sc_title_default\"><h3 class=\"sc_item_title sc_title_title sc_align_left sc_item_title_style_default sc_item_title_tag\">Acerca de la compa\u00f1\u00eda<\/h3><\/div><!-- \/.sc_title -->[\/vc_column][\/vc_row][vc_row full_width=\u00bbstretch_row\u00bb el_class=\u00bbo-nas-main\u00bb][vc_column][vc_empty_space height=\u00bb2.5em\u00bb alter_height=\u00bbnone\u00bb hide_on_desktop=\u00bb\u00bb hide_on_notebook=\u00bb\u00bb hide_on_tablet=\u00bb\u00bb hide_on_mobile=\u00bb1&#8243;]<div id=\"sc_content_1721255035\"\n\t\tclass=\"sc_content color_style_default sc_content_default sc_content_width_1_1 sc_float_right sc_align_right\"><div class=\"sc_content_container with_number\"><span class=\"sc_content_number sc_content_number_tl\">Raj-Pol en las redes sociales<\/span><div  id=\"sc_socials_186193368\" \n\t\tclass=\"sc_socials sc_socials_hover sc_align_none\"><h3 class=\"sc_item_title sc_socials_title sc_align_left sc_item_title_style_default\">follow us<\/h3><div class=\"socials_wrap\"><a target=\"_blank\" href=\"https:\/\/www.facebook.com\/rajstorebyrajpol\" class=\"social_item social_item_style_icons social_item_type_icons\"><span class=\"social_icon social_facebook\"><span class=\"icon-facebook\"><\/span><\/span><\/a><a target=\"_blank\" href=\"https:\/\/www.instagram.com\/rajstore_by_rajpol\/\" class=\"social_item social_item_style_icons social_item_type_icons\"><span class=\"social_icon social_instagramm\"><span class=\"icon-instagramm\"><\/span><\/span><\/a><\/div><!-- \/.socials_wrap --><\/div><!-- \/.sc_socials --><\/div><\/div><!-- \/.sc_content -->[vc_empty_space height=\u00bb4.25em\u00bb alter_height=\u00bbnone\u00bb hide_on_desktop=\u00bb\u00bb hide_on_notebook=\u00bb\u00bb hide_on_tablet=\u00bb\u00bb hide_on_mobile=\u00bb\u00bb][vc_empty_space height=\u00bb4.25em\u00bb alter_height=\u00bbnone\u00bb hide_on_desktop=\u00bb\u00bb hide_on_notebook=\u00bb\u00bb hide_on_tablet=\u00bb1&#8243; hide_on_mobile=\u00bb1&#8243;][vc_empty_space height=\u00bb2em\u00bb alter_height=\u00bbnone\u00bb hide_on_desktop=\u00bb1&#8243; hide_on_notebook=\u00bb1&#8243; hide_on_tablet=\u00bb\u00bb hide_on_mobile=\u00bb\u00bb]<div id=\"sc_title_160845069\"\n\t\tclass=\"sc_title color_style_default sc_title_default\"><h3 class=\"sc_item_title sc_title_title sc_align_center sc_item_title_style_default\">Una empresa con tradici\u00f3n<\/h3><div class=\"sc_item_descr sc_title_descr sc_align_center\"><p>Nuestra historia comenz\u00f3 en 1995 en Cz\u0119stochowa. Somos una empresa<br \/>\ncon tradiciones familiares, que ha construido su reconocimiento a lo largo de los a\u00f1os<br \/>\ny se ha convertido en el fabricante e importador textil m\u00e1s popular de todo el mundo.<br \/>\nfamilias. Nuestras fuerzas:<\/p>\n<\/div><\/div><!-- \/.sc_title -->[vc_empty_space height=\u00bb50px\u00bb alter_height=\u00bbnone\u00bb hide_on_desktop=\u00bb\u00bb hide_on_notebook=\u00bb\u00bb hide_on_tablet=\u00bb\u00bb hide_on_mobile=\u00bb\u00bb]<div id=\"sc_icons_1696697110\" \n\tclass=\"sc_icons sc_icons_default sc_icons_size_small sc_align_center\"><div class=\"sc_icons_columns_wrap sc_item_columns trx_addons_columns_wrap columns_padding_bottom\"><div class=\"trx_addons_column-1_4\"><div class=\"sc_icons_item\"><div id=\"sc_icons_1696697110_icon-lightbulb-light\" class=\"sc_icons_icon sc_icon_type_ icon-lightbulb-light\"\n\t\t\t\t\t\t\t\t\t\t\t\t><span class=\"sc_icon_type_ icon-lightbulb-light\"><\/span><\/div><h4 class=\"sc_icons_item_title\"><span>Innovaci\u00f3n<\/span><\/h4><\/div><\/div><div class=\"trx_addons_column-1_4\"><div class=\"sc_icons_item\"><div id=\"sc_icons_1696697110_icon-pencil-light\" class=\"sc_icons_icon sc_icon_type_ icon-pencil-light\"\n\t\t\t\t\t\t\t\t\t\t\t\t><span class=\"sc_icon_type_ icon-pencil-light\"><\/span><\/div><h4 class=\"sc_icons_item_title\"><span>Creatividad<\/span><\/h4><\/div><\/div><div class=\"trx_addons_column-1_4\"><div class=\"sc_icons_item\"><div id=\"sc_icons_1696697110_icon-t-shirt-light\" class=\"sc_icons_icon sc_icon_type_ icon-t-shirt-light\"\n\t\t\t\t\t\t\t\t\t\t\t\t><span class=\"sc_icon_type_ icon-t-shirt-light\"><\/span><\/div><h4 class=\"sc_icons_item_title\"><span>Alta calidad<\/span><\/h4><\/div><\/div><div class=\"trx_addons_column-1_4\"><div class=\"sc_icons_item\"><div id=\"sc_icons_1696697110_icon-globe-light\" class=\"sc_icons_icon sc_icon_type_ icon-globe-light\"\n\t\t\t\t\t\t\t\t\t\t\t\t><span class=\"sc_icon_type_ icon-globe-light\"><\/span><\/div><h4 class=\"sc_icons_item_title\"><span>Competitividad<\/span><\/h4><\/div><\/div><\/div><\/div><!-- \/.sc_icons -->[vc_empty_space height=\u00bb130px\u00bb alter_height=\u00bbnone\u00bb hide_on_desktop=\u00bb\u00bb hide_on_notebook=\u00bb\u00bb hide_on_tablet=\u00bb\u00bb hide_on_mobile=\u00bb1&#8243;][vc_empty_space height=\u00bb1.5em\u00bb alter_height=\u00bbnone\u00bb hide_on_desktop=\u00bb1&#8243; hide_on_notebook=\u00bb1&#8243; hide_on_tablet=\u00bb\u00bb hide_on_mobile=\u00bb\u00bb]<div  id=\"sc_promo_1255813323\" \n\tclass=\"sc_promo color_style_default sc_promo_default sc_promo_size_normal sc_promo_no_paddings sc_promo_image_position_left\"><div class=\"sc_promo_image\" style=\"background-image:url(https:\/\/raj-pol.com.pl\/wp-content\/uploads\/2020\/12\/raj-pol-2.jpg);width:43.5%;left: 0;\"><\/div><div class=\"sc_promo_text\" style=\"width: 56.5%;float: right;\">\n\t\t\t<div class=\"sc_promo_text_inner sc_content_width_56.5%\" style=\"\"><h3 class=\"sc_item_title sc_promo_title sc_align_left sc_item_title_style_default\">Oferta Raj-Pol<\/h3><div class=\"sc_item_descr sc_promo_descr sc_align_left\"><p>Nuestro equipo est\u00e1 involucrado en cada proyecto. Desarrollamos para ti, escuchamos, buscamos, creamos. El resultado es el producto final, es decir, ropa interior funcional de buena calidad y a buen precio para toda la familia.<br \/>\nEn la oferta de RAJ-POL encontrar\u00e1s una amplia colecci\u00f3n de calcetines, que son un aut\u00e9ntico escaparate de la empresa, as\u00ed como ropa interior colorida, leggings, camisetas y complementos textiles para el hogar.<\/p>\n<\/div><\/div>\n\t\t<\/div><!-- \/.sc_promo_text --><\/div><!-- \/.sc_promo -->[vc_empty_space height=\u00bb2.8em\u00bb alter_height=\u00bbnone\u00bb hide_on_desktop=\u00bb\u00bb hide_on_notebook=\u00bb\u00bb hide_on_tablet=\u00bb\u00bb hide_on_mobile=\u00bb1&#8243;][vc_empty_space height=\u00bb2.8em\u00bb alter_height=\u00bbnone\u00bb hide_on_desktop=\u00bb\u00bb hide_on_notebook=\u00bb\u00bb hide_on_tablet=\u00bb1&#8243; hide_on_mobile=\u00bb1&#8243;]<div  id=\"sc_promo_1905785029\" \n\tclass=\"sc_promo color_style_default sc_promo_default sc_promo_size_normal sc_promo_no_paddings sc_promo_image_position_right\"><div class=\"sc_promo_image\" style=\"background-image:url(https:\/\/raj-pol.com.pl\/wp-content\/uploads\/2021\/01\/nsplsh_4f616c68324d6f6a55756b_mv2.jpg);width:43.5%;right: 0;\"><\/div><div class=\"sc_promo_text\" style=\"width: 56.5%;float: left;\">\n\t\t\t<div class=\"sc_promo_text_inner sc_content_width_56.5%\" style=\"\"><h3 class=\"sc_item_title sc_promo_title sc_align_left sc_item_title_style_default\">Qu\u00e9 gana trabajando con Raj-Pol?<\/h3><div class=\"sc_item_descr sc_promo_descr sc_align_left\"><p>25 a\u00f1os de experiencia de Raj-Pol en el mercado textil,<br \/>\nseguramente ser\u00e1 un s\u00f3lido apoyo para ti en tu desarrollo<br \/>\nTu compa\u00f1\u00eda.<br \/>\nDirigimos nuestra oferta mayorista a las tiendas,<br \/>\ny otras entidades que operan en el sector B2B.<br \/>\nOfrecemos condiciones favorables de cooperaci\u00f3n, atractivos descuentos en los precios,<br \/>\namplia gama y log\u00edstica confiable.<\/p>\n<\/div><\/div>\n\t\t<\/div><!-- \/.sc_promo_text --><\/div><!-- \/.sc_promo -->[vc_empty_space height=\u00bb5.8em\u00bb alter_height=\u00bbnone\u00bb hide_on_desktop=\u00bb\u00bb hide_on_notebook=\u00bb\u00bb hide_on_tablet=\u00bb1&#8243; hide_on_mobile=\u00bb1&#8243;][vc_empty_space height=\u00bb2.8em\u00bb alter_height=\u00bbnone\u00bb hide_on_desktop=\u00bb\u00bb hide_on_notebook=\u00bb\u00bb hide_on_tablet=\u00bb\u00bb hide_on_mobile=\u00bb1&#8243;][\/vc_column][\/vc_row][vc_row full_width=\u00bbstretch_row_content_no_spaces\u00bb equal_height=\u00bbyes\u00bb hide_bg_image_on_tablet=\u00bb\u00bb hide_bg_image_on_mobile=\u00bb\u00bb el_class=\u00bbbrands\u00bb][vc_column offset=\u00bbvc_col-xs-12&#8243;]<div  id=\"sc_action_1927360334\" \n\tclass=\"sc_action color_style_default sc_action_default services_custom_action brands-area\"><div class=\"sc_action_content sc_item_content\"><div class=\"sc_action_item sc_action_item_default sc_action_fixed_height sc_action_item_ml\" style=\"height:600px;overflow:hidden;\">\n\t\t\t<h3 class=\"sc_action_item_title\"><span><span class=\"sc_action_item_title_part\">Nuestras otras empresas<\/span><\/span><\/h3><div class=\"sc_action_item_description\"><span><a href=\"http:\/\/datovita.eu\/\" target=\"_blank\"><img src=\"https:\/\/raj-pol.com.pl\/wp-content\/uploads\/2020\/12\/datovita.png\"\/><\/a><\/span><span><a href=\"http:\/\/investdm.pl\/\" target=\"_blank\"><img src=\"https:\/\/raj-pol.com.pl\/wp-content\/uploads\/2020\/12\/invest.png\"\/><\/a><\/span><span><a href=\"http:\/\/plm-lighting.com\/\" target=\"_blank\"><img src=\"https:\/\/raj-pol.com.pl\/wp-content\/uploads\/2020\/12\/plm.png\"\/><a href=\"https:\/\/eko-light.com\/\" target=\"_blank\"><img src=\"https:\/\/raj-pol.com.pl\/wp-content\/uploads\/2020\/12\/ekolight.png\"\/><\/a><\/span><\/div><\/div><\/div><\/div><!-- \/.sc_action -->[\/vc_column][\/vc_row][vc_row full_width=\u00bbstretch_row\u00bb][vc_column][vc_empty_space height=\u00bb10px\u00bb alter_height=\u00bbnone\u00bb hide_on_desktop=\u00bb\u00bb hide_on_notebook=\u00bb\u00bb hide_on_tablet=\u00bb\u00bb hide_on_mobile=\u00bb\u00bb][\/vc_column][\/vc_row][vc_row full_width=\u00bbstretch_row_content_no_spaces\u00bb hide_bg_image_on_tablet=\u00bb\u00bb hide_bg_image_on_mobile=\u00bb\u00bb el_class=\u00bbaction-shop add-target-js\u00bb][vc_column]<div  id=\"sc_action_1628922888\" \n\tclass=\"sc_action color_style_default sc_action_default  vc_custom_1615892317480\"><div class=\"sc_action_content sc_item_content\"><div class=\"sc_action_item sc_action_item_default sc_action_item_mc\">\n\t\t\t<h3 class=\"sc_action_item_title\"><span><span class=\"sc_action_item_title_part\">Nuestra e-tienda<\/span><\/span><\/h3><div class=\"sc_action_item_description\"><span>\u00a1Lo invitamos a familiarizarse con la oferta completa de nuestra tienda en l\u00ednea!<\/span><\/div><a href=\"https:\/\/rajstore.pl\/\" class=\"sc_action_item_link sc_button sc_button_size_normal\">Ve a la tienda<\/a><\/div><\/div><\/div><!-- \/.sc_action -->[\/vc_column][\/vc_row]<\/p>\n","protected":false},"excerpt":{"rendered":"<p>[vc_row full_width=\u00bbstretch_row_content_no_spaces\u00bb hide_bg_image_on_tablet=\u00bb\u00bb hide_bg_image_on_mobile=\u00bb\u00bb css=\u00bb.vc_custom_1613556475010{background-image: url(http:\/\/raj-pol.com.pl\/wp-content\/uploads\/2021\/02\/o-firmie-1920&#215;500-1.png?id=2283) !important;background-position: center !important;background-repeat: no-repeat !important;background-size: cover !important;}\u00bb el_class=\u00bbcustom-title\u00bb][vc_column][\/vc_column][\/vc_row][vc_row full_width=\u00bbstretch_row\u00bb el_class=\u00bbo-nas-main\u00bb][vc_column][vc_empty_space height=\u00bb2.5em\u00bb alter_height=\u00bbnone\u00bb hide_on_desktop=\u00bb\u00bb hide_on_notebook=\u00bb\u00bb hide_on_tablet=\u00bb\u00bb hide_on_mobile=\u00bb1&#8243;][vc_empty_space height=\u00bb4.25em\u00bb alter_height=\u00bbnone\u00bb hide_on_desktop=\u00bb\u00bb hide_on_notebook=\u00bb\u00bb hide_on_tablet=\u00bb\u00bb hide_on_mobile=\u00bb\u00bb][vc_empty_space height=\u00bb4.25em\u00bb alter_height=\u00bbnone\u00bb hide_on_desktop=\u00bb\u00bb hide_on_notebook=\u00bb\u00bb hide_on_tablet=\u00bb1&#8243; hide_on_mobile=\u00bb1&#8243;][vc_empty_space height=\u00bb2em\u00bb alter_height=\u00bbnone\u00bb hide_on_desktop=\u00bb1&#8243; hide_on_notebook=\u00bb1&#8243; hide_on_tablet=\u00bb\u00bb hide_on_mobile=\u00bb\u00bb][vc_empty_space height=\u00bb50px\u00bb alter_height=\u00bbnone\u00bb hide_on_desktop=\u00bb\u00bb hide_on_notebook=\u00bb\u00bb hide_on_tablet=\u00bb\u00bb hide_on_mobile=\u00bb\u00bb][vc_empty_space height=\u00bb130px\u00bb alter_height=\u00bbnone\u00bb hide_on_desktop=\u00bb\u00bb hide_on_notebook=\u00bb\u00bb hide_on_tablet=\u00bb\u00bb hide_on_mobile=\u00bb1&#8243;][vc_empty_space height=\u00bb1.5em\u00bb alter_height=\u00bbnone\u00bb hide_on_desktop=\u00bb1&#8243; hide_on_notebook=\u00bb1&#8243; hide_on_tablet=\u00bb\u00bb hide_on_mobile=\u00bb\u00bb][vc_empty_space height=\u00bb2.8em\u00bb alter_height=\u00bbnone\u00bb&hellip;<\/p>\n","protected":false},"author":1,"featured_media":0,"parent":0,"menu_order":0,"comment_status":"closed","ping_status":"closed","template":"","meta":[],"_links":{"self":[{"href":"https:\/\/raj-pol.com.pl\/es\/wp-json\/wp\/v2\/pages\/1891"}],"collection":[{"href":"https:\/\/raj-pol.com.pl\/es\/wp-json\/wp\/v2\/pages"}],"about":[{"href":"https:\/\/raj-pol.com.pl\/es\/wp-json\/wp\/v2\/types\/page"}],"author":[{"embeddable":true,"href":"https:\/\/raj-pol.com.pl\/es\/wp-json\/wp\/v2\/users\/1"}],"replies":[{"embeddable":true,"href":"https:\/\/raj-pol.com.pl\/es\/wp-json\/wp\/v2\/comments?post=1891"}],"version-history":[{"count":5,"href":"https:\/\/raj-pol.com.pl\/es\/wp-json\/wp\/v2\/pages\/1891\/revisions"}],"predecessor-version":[{"id":2907,"href":"https:\/\/raj-pol.com.pl\/es\/wp-json\/wp\/v2\/pages\/1891\/revisions\/2907"}],"wp:attachment":[{"href":"https:\/\/raj-pol.com.pl\/es\/wp-json\/wp\/v2\/media?parent=1891"}],"curies":[{"name":"wp","href":"https:\/\/api.w.org\/{rel}","templated":true}]}}