{"id":2153,"date":"2021-02-15T15:26:43","date_gmt":"2021-02-15T14:26:43","guid":{"rendered":"http:\/\/raj-pol.com.pl\/?page_id=2153"},"modified":"2021-03-19T08:20:10","modified_gmt":"2021-03-19T07:20:10","slug":"rybka-mini","status":"publish","type":"page","link":"https:\/\/raj-pol.com.pl\/de\/rybka-mini\/","title":{"rendered":"Rybka Mini"},"content":{"rendered":"<p>[vc_row full_width=&#8220;stretch_row_content_no_spaces&#8220; hide_bg_image_on_tablet=&#8220;&#8220; hide_bg_image_on_mobile=&#8220;&#8220; css=&#8220;.vc_custom_1613555405921{background-image: url(http:\/\/raj-pol.com.pl\/wp-content\/uploads\/2021\/02\/mini-mini-1920&#215;500-1.png?id=2268) !important;background-position: center !important;background-repeat: no-repeat !important;background-size: cover !important;}&#8220; el_class=&#8220;custom-title&#8220;][vc_column]<div id=\"sc_title_906788271\"\n\t\tclass=\"sc_title color_style_default sc_title_default\"><h3 class=\"sc_item_title sc_title_title sc_align_left sc_item_title_style_default sc_item_title_tag\">Minifisch<\/h3><\/div><!-- \/.sc_title -->[\/vc_column][\/vc_row][vc_row full_width=&#8220;stretch_row&#8220; hide_bg_image_on_tablet=&#8220;&#8220; hide_bg_image_on_mobile=&#8220;&#8220;][vc_column][vc_empty_space height=&#8220;2.5em&#8220; alter_height=&#8220;none&#8220; hide_on_desktop=&#8220;&#8220; hide_on_notebook=&#8220;&#8220; hide_on_tablet=&#8220;&#8220; hide_on_mobile=&#8220;&#8220;]<div id=\"sc_content_66507400\"\n\t\tclass=\"sc_content color_style_default sc_content_default sc_content_width_1_1 sc_float_right sc_align_right\"><div class=\"sc_content_container with_number\"><span class=\"sc_content_number sc_content_number_tl\">Raj-Pol in den sozialen Medien<\/span><div  id=\"sc_socials_102909711\" \n\t\tclass=\"sc_socials sc_socials_hover sc_align_none\"><h3 class=\"sc_item_title sc_socials_title sc_align_left sc_item_title_style_default\">follow us<\/h3><div class=\"socials_wrap\"><a target=\"_blank\" href=\"https:\/\/www.facebook.com\/rajstorebyrajpol\" class=\"social_item social_item_style_icons social_item_type_icons\"><span class=\"social_icon social_facebook\"><span class=\"icon-facebook\"><\/span><\/span><\/a><a target=\"_blank\" href=\"https:\/\/www.instagram.com\/rajstore_by_rajpol\/\" class=\"social_item social_item_style_icons social_item_type_icons\"><span class=\"social_icon social_instagramm\"><span class=\"icon-instagramm\"><\/span><\/span><\/a><\/div><!-- \/.socials_wrap --><\/div><!-- \/.sc_socials --><\/div><\/div><!-- \/.sc_content -->[vc_empty_space height=&#8220;4.4em&#8220; alter_height=&#8220;none&#8220; hide_on_desktop=&#8220;&#8220; hide_on_notebook=&#8220;&#8220; hide_on_tablet=&#8220;&#8220; hide_on_mobile=&#8220;1&#8243;][vc_empty_space height=&#8220;4.4em&#8220; alter_height=&#8220;none&#8220; hide_on_desktop=&#8220;&#8220; hide_on_notebook=&#8220;&#8220; hide_on_tablet=&#8220;1&#8243; hide_on_mobile=&#8220;1&#8243;]<div  id=\"sc_promo_1633310102\" \n\tclass=\"sc_promo color_style_default sc_promo_default sc_promo_size_normal sc_promo_no_paddings sc_promo_image_position_left\"><div class=\"sc_promo_image\" style=\"background-image:url(https:\/\/raj-pol.com.pl\/wp-content\/uploads\/2021\/02\/mini-mini-600-700.png);width:43.5%;left: 0;\"><\/div><div class=\"sc_promo_text\" style=\"width: 56.5%;float: right;\">\n\t\t\t<div class=\"sc_promo_text_inner sc_content_width_56.5%\" style=\"\"><div class=\"sc_promo_content sc_item_content\">[vc_empty_space height=&#8220;6em&#8220; alter_height=&#8220;none&#8220; hide_on_desktop=&#8220;&#8220; hide_on_notebook=&#8220;&#8220; hide_on_tablet=&#8220;&#8220; hide_on_mobile=&#8220;1&#8243;][vc_empty_space height=&#8220;4em&#8220; alter_height=&#8220;none&#8220; hide_on_desktop=&#8220;1&#8243; hide_on_notebook=&#8220;1&#8243; hide_on_tablet=&#8220;1&#8243; hide_on_mobile=&#8220;&#8220;]<div id=\"sc_title_988727885\"\n\t\tclass=\"sc_title color_style_default sc_title_default\"><h6 class=\"sc_item_subtitle sc_title_subtitle sc_align_left sc_item_title_style_default\">Nur hier!<\/h6><h3 class=\"sc_item_title sc_title_title sc_align_left sc_item_title_style_default\">Minifisch<\/h3><div class=\"sc_item_descr sc_title_descr sc_align_left\"><p>Das originelle Design von Baby- und Kinderkleidung, bunten Handt\u00fcchern und Bettw\u00e4sche oder einem Satz M\u00fctzen ist das Ergebnis der Zusammenarbeit zwischen unseren Grafikdesignern und Designern mit der Kreativabteilung von Canal +.<br \/>\n<b> Wir sind der einzige Hersteller von Textilprodukten mit einer Mini-Mini-Lizenz in Polen. <\/ b><\/p>\n<\/div><div class=\"sc_item_button sc_button_wrap sc_align_left\"><a href=\"http:\/\/raj-pol.com.pl\/kontakt\/\" id=\"sc_button_1930992395\" class=\"sc_button color_style_default sc_button_default sc_item_button sc_item_button_default sc_title_button sc_button_size_normal sc_button_icon_left\"><span class=\"sc_button_text\"><span class=\"sc_button_title\">Frag<\/span><\/span><!-- \/.sc_button_text --><\/a><!-- \/.sc_button --><\/div><!-- \/.sc_item_button --><\/div><!-- \/.sc_title -->[vc_empty_space height=&#8220;2em&#8220; alter_height=&#8220;none&#8220; hide_on_desktop=&#8220;&#8220; hide_on_notebook=&#8220;&#8220; hide_on_tablet=&#8220;&#8220; hide_on_mobile=&#8220;&#8220;][vc_empty_space height=&#8220;3em&#8220; alter_height=&#8220;none&#8220; hide_on_desktop=&#8220;&#8220; hide_on_notebook=&#8220;&#8220; hide_on_tablet=&#8220;&#8220; hide_on_mobile=&#8220;&#8220;]<\/div><\/div>\n\t\t<\/div><!-- \/.sc_promo_text --><\/div><!-- \/.sc_promo -->[vc_empty_space height=&#8220;6em&#8220; alter_height=&#8220;none&#8220; hide_on_desktop=&#8220;&#8220; hide_on_notebook=&#8220;&#8220; hide_on_tablet=&#8220;&#8220; hide_on_mobile=&#8220;1&#8243;][vc_empty_space height=&#8220;4em&#8220; alter_height=&#8220;none&#8220; hide_on_desktop=&#8220;&#8220; hide_on_notebook=&#8220;&#8220; hide_on_tablet=&#8220;1&#8243; hide_on_mobile=&#8220;1&#8243;][vc_empty_space height=&#8220;1em&#8220; alter_height=&#8220;none&#8220; hide_on_desktop=&#8220;1&#8243; hide_on_notebook=&#8220;1&#8243; hide_on_tablet=&#8220;1&#8243; hide_on_mobile=&#8220;&#8220;][\/vc_column][\/vc_row][vc_row full_width=&#8220;stretch_row_content_no_spaces&#8220; equal_height=&#8220;yes&#8220; hide_bg_image_on_tablet=&#8220;&#8220; hide_bg_image_on_mobile=&#8220;&#8220; el_class=&#8220;brands&#8220;][vc_column offset=&#8220;vc_col-xs-12&#8243;]<div  id=\"sc_action_1779906423\" \n\tclass=\"sc_action color_style_default sc_action_default services_custom_action brands-area\"><div class=\"sc_action_content sc_item_content\"><div class=\"sc_action_item sc_action_item_default sc_action_fixed_height sc_action_item_ml\" style=\"height:600px;overflow:hidden;\">\n\t\t\t<h3 class=\"sc_action_item_title\"><span><span class=\"sc_action_item_title_part\">Unsere anderen Unternehmen<\/span><\/span><\/h3><div class=\"sc_action_item_description\"><span><a href=\"http:\/\/datovita.eu\/\" target=\"_blank\"><img src=\"https:\/\/raj-pol.com.pl\/wp-content\/uploads\/2020\/12\/datovita.png\"\/><\/a><\/span><span><a href=\"http:\/\/investdm.pl\/\" target=\"_blank\"><img src=\"https:\/\/raj-pol.com.pl\/wp-content\/uploads\/2020\/12\/invest.png\"\/><\/a><\/span><span><a href=\"http:\/\/plm-lighting.com\/\" target=\"_blank\"><img src=\"https:\/\/raj-pol.com.pl\/wp-content\/uploads\/2020\/12\/plm.png\"\/><\/a><\/span><span><a href=\"https:\/\/shopon.pl\/\" target=\"_blank\"><img src=\"https:\/\/raj-pol.com.pl\/wp-content\/uploads\/2021\/02\/shopon-logo-1.png\" style=\"max-height: 50px;\"\/><\/a><\/span><span><a href=\"https:\/\/eko-light.com\/\" target=\"_blank\"><img src=\"https:\/\/raj-pol.com.pl\/wp-content\/uploads\/2020\/12\/ekolight.png\"\/><\/a><\/span><\/div><\/div><\/div><\/div><!-- \/.sc_action -->[\/vc_column][\/vc_row][vc_row full_width=&#8220;stretch_row&#8220;][vc_column][vc_empty_space height=&#8220;10px&#8220; alter_height=&#8220;none&#8220; hide_on_desktop=&#8220;&#8220; hide_on_notebook=&#8220;&#8220; hide_on_tablet=&#8220;&#8220; hide_on_mobile=&#8220;&#8220;][\/vc_column][\/vc_row][vc_row full_width=&#8220;stretch_row_content_no_spaces&#8220; hide_bg_image_on_tablet=&#8220;&#8220; hide_bg_image_on_mobile=&#8220;&#8220; el_class=&#8220;action-shop add-target-js&#8220;][vc_column]<div  id=\"sc_action_1449677797\" \n\tclass=\"sc_action color_style_default sc_action_default  vc_custom_1615887481578\"><div class=\"sc_action_content sc_item_content\"><div class=\"sc_action_item sc_action_item_default sc_action_item_mc\">\n\t\t\t<h3 class=\"sc_action_item_title\"><span><span class=\"sc_action_item_title_part\">Unser E-Shop<\/span><\/span><\/h3><div class=\"sc_action_item_description\"><span>Wir laden Sie ein, sich mit dem vollst\u00e4ndigen Angebot unseres Online-Shops vertraut zu machen!<\/span><\/div><a href=\"https:\/\/rajstore.pl\/\" class=\"sc_action_item_link sc_button sc_button_size_normal\">Geh zu dem Laden<\/a><\/div><\/div><\/div><!-- \/.sc_action -->[\/vc_column][\/vc_row]<\/b><\/p>\n","protected":false},"excerpt":{"rendered":"<p>[vc_row full_width=&#8220;stretch_row_content_no_spaces&#8220; hide_bg_image_on_tablet=&#8220;&#8220; hide_bg_image_on_mobile=&#8220;&#8220; css=&#8220;.vc_custom_1613555405921{background-image: url(http:\/\/raj-pol.com.pl\/wp-content\/uploads\/2021\/02\/mini-mini-1920&#215;500-1.png?id=2268) !important;background-position: center !important;background-repeat: no-repeat !important;background-size: cover !important;}&#8220; el_class=&#8220;custom-title&#8220;][vc_column][\/vc_column][\/vc_row][vc_row full_width=&#8220;stretch_row&#8220; hide_bg_image_on_tablet=&#8220;&#8220; hide_bg_image_on_mobile=&#8220;&#8220;][vc_column][vc_empty_space height=&#8220;2.5em&#8220; alter_height=&#8220;none&#8220; hide_on_desktop=&#8220;&#8220; hide_on_notebook=&#8220;&#8220; hide_on_tablet=&#8220;&#8220; hide_on_mobile=&#8220;&#8220;][vc_empty_space height=&#8220;4.4em&#8220; alter_height=&#8220;none&#8220; hide_on_desktop=&#8220;&#8220; hide_on_notebook=&#8220;&#8220; hide_on_tablet=&#8220;&#8220; hide_on_mobile=&#8220;1&#8243;][vc_empty_space height=&#8220;4.4em&#8220; alter_height=&#8220;none&#8220; hide_on_desktop=&#8220;&#8220; hide_on_notebook=&#8220;&#8220; hide_on_tablet=&#8220;1&#8243; hide_on_mobile=&#8220;1&#8243;][vc_empty_space height=&#8220;6em&#8220; alter_height=&#8220;none&#8220; hide_on_desktop=&#8220;&#8220; hide_on_notebook=&#8220;&#8220; hide_on_tablet=&#8220;&#8220; hide_on_mobile=&#8220;1&#8243;][vc_empty_space height=&#8220;4em&#8220; alter_height=&#8220;none&#8220; hide_on_desktop=&#8220;&#8220; hide_on_notebook=&#8220;&#8220; hide_on_tablet=&#8220;1&#8243; hide_on_mobile=&#8220;1&#8243;][vc_empty_space height=&#8220;1em&#8220; alter_height=&#8220;none&#8220; hide_on_desktop=&#8220;1&#8243; hide_on_notebook=&#8220;1&#8243; hide_on_tablet=&#8220;1&#8243; hide_on_mobile=&#8220;&#8220;][\/vc_column][\/vc_row][vc_row full_width=&#8220;stretch_row_content_no_spaces&#8220; equal_height=&#8220;yes&#8220; hide_bg_image_on_tablet=&#8220;&#8220; hide_bg_image_on_mobile=&#8220;&#8220; el_class=&#8220;brands&#8220;][vc_column offset=&#8220;vc_col-xs-12&#8243;][\/vc_column][\/vc_row][vc_row full_width=&#8220;stretch_row&#8220;][vc_column][vc_empty_space&hellip;<\/p>\n","protected":false},"author":1,"featured_media":0,"parent":0,"menu_order":0,"comment_status":"closed","ping_status":"closed","template":"","meta":[],"_links":{"self":[{"href":"https:\/\/raj-pol.com.pl\/de\/wp-json\/wp\/v2\/pages\/2153"}],"collection":[{"href":"https:\/\/raj-pol.com.pl\/de\/wp-json\/wp\/v2\/pages"}],"about":[{"href":"https:\/\/raj-pol.com.pl\/de\/wp-json\/wp\/v2\/types\/page"}],"author":[{"embeddable":true,"href":"https:\/\/raj-pol.com.pl\/de\/wp-json\/wp\/v2\/users\/1"}],"replies":[{"embeddable":true,"href":"https:\/\/raj-pol.com.pl\/de\/wp-json\/wp\/v2\/comments?post=2153"}],"version-history":[{"count":5,"href":"https:\/\/raj-pol.com.pl\/de\/wp-json\/wp\/v2\/pages\/2153\/revisions"}],"predecessor-version":[{"id":2662,"href":"https:\/\/raj-pol.com.pl\/de\/wp-json\/wp\/v2\/pages\/2153\/revisions\/2662"}],"wp:attachment":[{"href":"https:\/\/raj-pol.com.pl\/de\/wp-json\/wp\/v2\/media?parent=2153"}],"curies":[{"name":"wp","href":"https:\/\/api.w.org\/{rel}","templated":true}]}}