{"id":1876,"date":"2020-12-09T10:52:00","date_gmt":"2020-12-09T09:52:00","guid":{"rendered":"http:\/\/raj-pol.com.pl\/o-firmie\/"},"modified":"2021-03-22T13:46:15","modified_gmt":"2021-03-22T12:46:15","slug":"o-firmie","status":"publish","type":"page","link":"https:\/\/raj-pol.com.pl\/de\/o-firmie\/","title":{"rendered":"O firmie"},"content":{"rendered":"<p>[vc_row full_width=&#8220;stretch_row_content_no_spaces&#8220; hide_bg_image_on_tablet=&#8220;&#8220; hide_bg_image_on_mobile=&#8220;&#8220; css=&#8220;.vc_custom_1613556475010{background-image: url(http:\/\/raj-pol.com.pl\/wp-content\/uploads\/2021\/02\/o-firmie-1920&#215;500-1.png?id=2283) !important;background-position: center !important;background-repeat: no-repeat !important;background-size: cover !important;}&#8220; el_class=&#8220;custom-title&#8220;][vc_column]<div id=\"sc_title_1476110088\"\n\t\tclass=\"sc_title color_style_default sc_title_default\"><h3 class=\"sc_item_title sc_title_title sc_align_left sc_item_title_style_default sc_item_title_tag\">\u00dcber das Unternehmen<\/h3><\/div><!-- \/.sc_title -->[\/vc_column][\/vc_row][vc_row full_width=&#8220;stretch_row&#8220; el_class=&#8220;o-nas-main&#8220;][vc_column][vc_empty_space height=&#8220;2.5em&#8220; alter_height=&#8220;none&#8220; hide_on_desktop=&#8220;&#8220; hide_on_notebook=&#8220;&#8220; hide_on_tablet=&#8220;&#8220; hide_on_mobile=&#8220;1&#8243;]<div id=\"sc_content_1963229634\"\n\t\tclass=\"sc_content color_style_default sc_content_default sc_content_width_1_1 sc_float_right sc_align_right\"><div class=\"sc_content_container with_number\"><span class=\"sc_content_number sc_content_number_tl\">Raj-Pol w social mediach<\/span><div  id=\"sc_socials_1614113567\" \n\t\tclass=\"sc_socials sc_socials_hover sc_align_none\"><h3 class=\"sc_item_title sc_socials_title sc_align_left sc_item_title_style_default\">follow us<\/h3><div class=\"socials_wrap\"><a target=\"_blank\" href=\"https:\/\/www.facebook.com\/rajstorebyrajpol\" class=\"social_item social_item_style_icons social_item_type_icons\"><span class=\"social_icon social_facebook\"><span class=\"icon-facebook\"><\/span><\/span><\/a><a target=\"_blank\" href=\"https:\/\/www.instagram.com\/rajstore_by_rajpol\/\" class=\"social_item social_item_style_icons social_item_type_icons\"><span class=\"social_icon social_instagramm\"><span class=\"icon-instagramm\"><\/span><\/span><\/a><\/div><!-- \/.socials_wrap --><\/div><!-- \/.sc_socials --><\/div><\/div><!-- \/.sc_content -->[vc_empty_space height=&#8220;4.25em&#8220; alter_height=&#8220;none&#8220; hide_on_desktop=&#8220;&#8220; hide_on_notebook=&#8220;&#8220; hide_on_tablet=&#8220;&#8220; hide_on_mobile=&#8220;&#8220;][vc_empty_space height=&#8220;4.25em&#8220; alter_height=&#8220;none&#8220; hide_on_desktop=&#8220;&#8220; hide_on_notebook=&#8220;&#8220; hide_on_tablet=&#8220;1&#8243; hide_on_mobile=&#8220;1&#8243;][vc_empty_space height=&#8220;2em&#8220; alter_height=&#8220;none&#8220; hide_on_desktop=&#8220;1&#8243; hide_on_notebook=&#8220;1&#8243; hide_on_tablet=&#8220;&#8220; hide_on_mobile=&#8220;&#8220;]<div id=\"sc_title_1293749624\"\n\t\tclass=\"sc_title color_style_default sc_title_default\"><h3 class=\"sc_item_title sc_title_title sc_align_center sc_item_title_style_default\">EIN UNTERNEHMEN MIT TRADITION<\/h3><div class=\"sc_item_descr sc_title_descr sc_align_center\"><p>Unsere Geschichte begann 1995 in Cz\u0119stochowa. Wir sind ein Unternehmen<br \/>\nmit Familientraditionen, die im Laufe der Jahre ihre Anerkennung aufgebaut haben<br \/>\nund hat sich zum beliebtesten Textilhersteller und -importeur f\u00fcr das Ganze entwickelt<br \/>\nFamilien. Unsere St\u00e4rken:<\/p>\n<\/div><\/div><!-- \/.sc_title -->[vc_empty_space height=&#8220;50px&#8220; alter_height=&#8220;none&#8220; hide_on_desktop=&#8220;&#8220; hide_on_notebook=&#8220;&#8220; hide_on_tablet=&#8220;&#8220; hide_on_mobile=&#8220;&#8220;]<div id=\"sc_icons_475096488\" \n\tclass=\"sc_icons sc_icons_default sc_icons_size_small sc_align_center\"><div class=\"sc_icons_columns_wrap sc_item_columns trx_addons_columns_wrap columns_padding_bottom\"><div class=\"trx_addons_column-1_4\"><div class=\"sc_icons_item\"><div id=\"sc_icons_475096488_icon-lightbulb-light\" class=\"sc_icons_icon sc_icon_type_ icon-lightbulb-light\"\n\t\t\t\t\t\t\t\t\t\t\t\t><span class=\"sc_icon_type_ icon-lightbulb-light\"><\/span><\/div><h4 class=\"sc_icons_item_title\"><span>Innovation<\/span><\/h4><\/div><\/div><div class=\"trx_addons_column-1_4\"><div class=\"sc_icons_item\"><div id=\"sc_icons_475096488_icon-pencil-light\" class=\"sc_icons_icon sc_icon_type_ icon-pencil-light\"\n\t\t\t\t\t\t\t\t\t\t\t\t><span class=\"sc_icon_type_ icon-pencil-light\"><\/span><\/div><h4 class=\"sc_icons_item_title\"><span>Kreativit\u00e4t<\/span><\/h4><\/div><\/div><div class=\"trx_addons_column-1_4\"><div class=\"sc_icons_item\"><div id=\"sc_icons_475096488_icon-t-shirt-light\" class=\"sc_icons_icon sc_icon_type_ icon-t-shirt-light\"\n\t\t\t\t\t\t\t\t\t\t\t\t><span class=\"sc_icon_type_ icon-t-shirt-light\"><\/span><\/div><h4 class=\"sc_icons_item_title\"><span>Hohe Qualit\u00e4t<\/span><\/h4><\/div><\/div><div class=\"trx_addons_column-1_4\"><div class=\"sc_icons_item\"><div id=\"sc_icons_475096488_icon-globe-light\" class=\"sc_icons_icon sc_icon_type_ icon-globe-light\"\n\t\t\t\t\t\t\t\t\t\t\t\t><span class=\"sc_icon_type_ icon-globe-light\"><\/span><\/div><h4 class=\"sc_icons_item_title\"><span>Wettbewerbsf\u00e4higkeit<\/span><\/h4><\/div><\/div><\/div><\/div><!-- \/.sc_icons -->[vc_empty_space height=&#8220;130px&#8220; alter_height=&#8220;none&#8220; hide_on_desktop=&#8220;&#8220; hide_on_notebook=&#8220;&#8220; hide_on_tablet=&#8220;&#8220; hide_on_mobile=&#8220;1&#8243;][vc_empty_space height=&#8220;1.5em&#8220; alter_height=&#8220;none&#8220; hide_on_desktop=&#8220;1&#8243; hide_on_notebook=&#8220;1&#8243; hide_on_tablet=&#8220;&#8220; hide_on_mobile=&#8220;&#8220;]<div  id=\"sc_promo_1244627782\" \n\tclass=\"sc_promo color_style_default sc_promo_default sc_promo_size_normal sc_promo_no_paddings sc_promo_image_position_left\"><div class=\"sc_promo_image\" style=\"background-image:url(https:\/\/raj-pol.com.pl\/wp-content\/uploads\/2020\/12\/raj-pol-2.jpg);width:43.5%;left: 0;\"><\/div><div class=\"sc_promo_text\" style=\"width: 56.5%;float: right;\">\n\t\t\t<div class=\"sc_promo_text_inner sc_content_width_56.5%\" style=\"\"><h3 class=\"sc_item_title sc_promo_title sc_align_left sc_item_title_style_default\">Raj-Pol Angebot<\/h3><div class=\"sc_item_descr sc_promo_descr sc_align_left\"><p>Unser Team ist an jedem Projekt beteiligt. Wir entwickeln f\u00fcr Sie, wir h\u00f6ren zu, wir suchen, wir schaffen. Das Ergebnis ist das Endprodukt, d. H. Funktionelle Unterw\u00e4sche in guter Qualit\u00e4t und zu einem guten Preis f\u00fcr die ganze Familie.<br \/>\nIm RAJ-POL-Angebot finden Sie eine gro\u00dfe Auswahl an Socken, die ein echtes Schaufenster des Unternehmens darstellen, sowie farbenfrohe Unterw\u00e4sche, Leggings, T-Shirts und Textilzubeh\u00f6r f\u00fcr zu Hause.<\/p>\n<\/div><\/div>\n\t\t<\/div><!-- \/.sc_promo_text --><\/div><!-- \/.sc_promo -->[vc_empty_space height=&#8220;2.8em&#8220; alter_height=&#8220;none&#8220; hide_on_desktop=&#8220;&#8220; hide_on_notebook=&#8220;&#8220; hide_on_tablet=&#8220;&#8220; hide_on_mobile=&#8220;1&#8243;][vc_empty_space height=&#8220;2.8em&#8220; alter_height=&#8220;none&#8220; hide_on_desktop=&#8220;&#8220; hide_on_notebook=&#8220;&#8220; hide_on_tablet=&#8220;1&#8243; hide_on_mobile=&#8220;1&#8243;]<div  id=\"sc_promo_1284759130\" \n\tclass=\"sc_promo color_style_default sc_promo_default sc_promo_size_normal sc_promo_no_paddings sc_promo_image_position_right\"><div class=\"sc_promo_image\" style=\"background-image:url(https:\/\/raj-pol.com.pl\/wp-content\/uploads\/2021\/01\/nsplsh_4f616c68324d6f6a55756b_mv2.jpg);width:43.5%;right: 0;\"><\/div><div class=\"sc_promo_text\" style=\"width: 56.5%;float: left;\">\n\t\t\t<div class=\"sc_promo_text_inner sc_content_width_56.5%\" style=\"\"><h3 class=\"sc_item_title sc_promo_title sc_align_left sc_item_title_style_default\">Was gewinnen Sie durch die Zusammenarbeit mit Raj-Pol?<\/h3><div class=\"sc_item_descr sc_promo_descr sc_align_left\"><p>25 Jahre Erfahrung von Raj-Pol auf dem Textilmarkt,<br \/>\nwird sicherlich eine solide Unterst\u00fctzung f\u00fcr Sie in Ihrer Entwicklung sein<br \/>\nIhre Firma.<br \/>\nWir richten unser Gro\u00dfhandelsangebot an Gesch\u00e4fte,<br \/>\nund andere im B2B-Bereich t\u00e4tige Unternehmen.<br \/>\nWir bieten g\u00fcnstige Kooperationsbedingungen, attraktive Preisnachl\u00e4sse,<br \/>\nbreite Palette und zuverl\u00e4ssige Logistik.<\/p>\n<\/div><\/div>\n\t\t<\/div><!-- \/.sc_promo_text --><\/div><!-- \/.sc_promo -->[vc_empty_space height=&#8220;5.8em&#8220; alter_height=&#8220;none&#8220; hide_on_desktop=&#8220;&#8220; hide_on_notebook=&#8220;&#8220; hide_on_tablet=&#8220;1&#8243; hide_on_mobile=&#8220;1&#8243;][vc_empty_space height=&#8220;2.8em&#8220; alter_height=&#8220;none&#8220; hide_on_desktop=&#8220;&#8220; hide_on_notebook=&#8220;&#8220; hide_on_tablet=&#8220;&#8220; hide_on_mobile=&#8220;1&#8243;][\/vc_column][\/vc_row][vc_row full_width=&#8220;stretch_row_content_no_spaces&#8220; equal_height=&#8220;yes&#8220; hide_bg_image_on_tablet=&#8220;&#8220; hide_bg_image_on_mobile=&#8220;&#8220; el_class=&#8220;brands&#8220;][vc_column offset=&#8220;vc_col-xs-12&#8243;]<div  id=\"sc_action_1951752639\" \n\tclass=\"sc_action color_style_default sc_action_default services_custom_action brands-area\"><div class=\"sc_action_content sc_item_content\"><div class=\"sc_action_item sc_action_item_default sc_action_fixed_height sc_action_item_ml\" style=\"height:600px;overflow:hidden;\">\n\t\t\t<h3 class=\"sc_action_item_title\"><span><span class=\"sc_action_item_title_part\">Unsere anderen Unternehmen<\/span><\/span><\/h3><div class=\"sc_action_item_description\"><span><a href=\"http:\/\/datovita.eu\/\" target=\"_blank\"><img src=\"https:\/\/raj-pol.com.pl\/wp-content\/uploads\/2020\/12\/datovita.png\"\/><\/a><\/span><span><a href=\"http:\/\/investdm.pl\/\" target=\"_blank\"><img src=\"https:\/\/raj-pol.com.pl\/wp-content\/uploads\/2020\/12\/invest.png\"\/><\/a><\/span><span><a href=\"http:\/\/plm-lighting.com\/\" target=\"_blank\"><img src=\"https:\/\/raj-pol.com.pl\/wp-content\/uploads\/2020\/12\/plm.png\"\/><a href=\"https:\/\/eko-light.com\/\" target=\"_blank\"><img src=\"https:\/\/raj-pol.com.pl\/wp-content\/uploads\/2020\/12\/ekolight.png\"\/><\/a><\/span><\/div><\/div><\/div><\/div><!-- \/.sc_action -->[\/vc_column][\/vc_row][vc_row full_width=&#8220;stretch_row&#8220;][vc_column][vc_empty_space height=&#8220;10px&#8220; alter_height=&#8220;none&#8220; hide_on_desktop=&#8220;&#8220; hide_on_notebook=&#8220;&#8220; hide_on_tablet=&#8220;&#8220; hide_on_mobile=&#8220;&#8220;][\/vc_column][\/vc_row][vc_row full_width=&#8220;stretch_row_content_no_spaces&#8220; hide_bg_image_on_tablet=&#8220;&#8220; hide_bg_image_on_mobile=&#8220;&#8220; el_class=&#8220;action-shop add-target-js&#8220;][vc_column]<div  id=\"sc_action_1859041283\" \n\tclass=\"sc_action color_style_default sc_action_default  vc_custom_1615884862049\"><div class=\"sc_action_content sc_item_content\"><div class=\"sc_action_item sc_action_item_default sc_action_item_mc\">\n\t\t\t<div class=\"sc_action_item_description\"><span>Wir laden Sie ein, sich mit dem vollst\u00e4ndigen Angebot unseres Online-Shops vertraut zu machen!<\/span><\/div><a href=\"https:\/\/rajstore.pl\/\" class=\"sc_action_item_link sc_button sc_button_size_normal\">Geh zu dem Laden<\/a><\/div><\/div><\/div><!-- \/.sc_action -->[\/vc_column][\/vc_row]<\/p>\n","protected":false},"excerpt":{"rendered":"<p>[vc_row full_width=&#8220;stretch_row_content_no_spaces&#8220; hide_bg_image_on_tablet=&#8220;&#8220; hide_bg_image_on_mobile=&#8220;&#8220; css=&#8220;.vc_custom_1613556475010{background-image: url(http:\/\/raj-pol.com.pl\/wp-content\/uploads\/2021\/02\/o-firmie-1920&#215;500-1.png?id=2283) !important;background-position: center !important;background-repeat: no-repeat !important;background-size: cover !important;}&#8220; el_class=&#8220;custom-title&#8220;][vc_column][\/vc_column][\/vc_row][vc_row full_width=&#8220;stretch_row&#8220; el_class=&#8220;o-nas-main&#8220;][vc_column][vc_empty_space height=&#8220;2.5em&#8220; alter_height=&#8220;none&#8220; hide_on_desktop=&#8220;&#8220; hide_on_notebook=&#8220;&#8220; hide_on_tablet=&#8220;&#8220; hide_on_mobile=&#8220;1&#8243;][vc_empty_space height=&#8220;4.25em&#8220; alter_height=&#8220;none&#8220; hide_on_desktop=&#8220;&#8220; hide_on_notebook=&#8220;&#8220; hide_on_tablet=&#8220;&#8220; hide_on_mobile=&#8220;&#8220;][vc_empty_space height=&#8220;4.25em&#8220; alter_height=&#8220;none&#8220; hide_on_desktop=&#8220;&#8220; hide_on_notebook=&#8220;&#8220; hide_on_tablet=&#8220;1&#8243; hide_on_mobile=&#8220;1&#8243;][vc_empty_space height=&#8220;2em&#8220; alter_height=&#8220;none&#8220; hide_on_desktop=&#8220;1&#8243; hide_on_notebook=&#8220;1&#8243; hide_on_tablet=&#8220;&#8220; hide_on_mobile=&#8220;&#8220;][vc_empty_space height=&#8220;50px&#8220; alter_height=&#8220;none&#8220; hide_on_desktop=&#8220;&#8220; hide_on_notebook=&#8220;&#8220; hide_on_tablet=&#8220;&#8220; hide_on_mobile=&#8220;&#8220;][vc_empty_space height=&#8220;130px&#8220; alter_height=&#8220;none&#8220; hide_on_desktop=&#8220;&#8220; hide_on_notebook=&#8220;&#8220; hide_on_tablet=&#8220;&#8220; hide_on_mobile=&#8220;1&#8243;][vc_empty_space height=&#8220;1.5em&#8220; alter_height=&#8220;none&#8220; hide_on_desktop=&#8220;1&#8243; hide_on_notebook=&#8220;1&#8243; hide_on_tablet=&#8220;&#8220; hide_on_mobile=&#8220;&#8220;][vc_empty_space height=&#8220;2.8em&#8220; alter_height=&#8220;none&#8220;&hellip;<\/p>\n","protected":false},"author":1,"featured_media":0,"parent":0,"menu_order":0,"comment_status":"closed","ping_status":"closed","template":"","meta":[],"_links":{"self":[{"href":"https:\/\/raj-pol.com.pl\/de\/wp-json\/wp\/v2\/pages\/1876"}],"collection":[{"href":"https:\/\/raj-pol.com.pl\/de\/wp-json\/wp\/v2\/pages"}],"about":[{"href":"https:\/\/raj-pol.com.pl\/de\/wp-json\/wp\/v2\/types\/page"}],"author":[{"embeddable":true,"href":"https:\/\/raj-pol.com.pl\/de\/wp-json\/wp\/v2\/users\/1"}],"replies":[{"embeddable":true,"href":"https:\/\/raj-pol.com.pl\/de\/wp-json\/wp\/v2\/comments?post=1876"}],"version-history":[{"count":5,"href":"https:\/\/raj-pol.com.pl\/de\/wp-json\/wp\/v2\/pages\/1876\/revisions"}],"predecessor-version":[{"id":2902,"href":"https:\/\/raj-pol.com.pl\/de\/wp-json\/wp\/v2\/pages\/1876\/revisions\/2902"}],"wp:attachment":[{"href":"https:\/\/raj-pol.com.pl\/de\/wp-json\/wp\/v2\/media?parent=1876"}],"curies":[{"name":"wp","href":"https:\/\/api.w.org\/{rel}","templated":true}]}}